{"id":34,"date":"2025-03-07T13:44:41","date_gmt":"2025-03-07T13:44:41","guid":{"rendered":"http:\/\/unia.lachicka.pl\/?page_id=34"},"modified":"2025-03-07T13:44:41","modified_gmt":"2025-03-07T13:44:41","slug":"jak-wracamy","status":"publish","type":"page","link":"https:\/\/unia.lachicka.pl\/index.php\/jak-wracamy\/","title":{"rendered":"JAK WRACAMY?"},"content":{"rendered":"<ul>\n<li>\n<h3 class=\"western\">KONSTYTUCYJNE NARZ\u0118DZIA PRAWNE<\/h3>\n<\/li>\n<\/ul>\n<p align=\"justify\"><span style=\"color: #000000;\"><span style=\"font-size: small;\">Rdzenny korzysta z prawide\u0142 nadrz\u0119dnych nad tzw. osobistymi, wobec procedur naprawczych, dekretacji, protacji i konstytucyjnych prawide\u0142, s\u0142u\u017c\u0105cych naszej Rodzimo\u015bci.<\/span><\/span><\/p>\n<ul>\n<li>\n<h3 class=\"western\"><a name=\"__RefHeading___Toc79009_2502876469\"><\/a> RODZIMA OPIEKA I WOLNA EDUKACJA<\/h3>\n<\/li>\n<\/ul>\n<p align=\"justify\"><span style=\"color: #000000;\"><span style=\"font-size: small;\">Dziatki dla rodzicielstwa i naszych rodzic\u00f3w s\u0105 odci\u0105\u017ceniem od trud\u00f3w \u017cycia, tak\u017ce bacz\u0105c na nasze wnuki. Otwieranie do \u017cycia i przedsi\u0119biorczo\u015bci, s\u0142u\u017cy ka\u017cdemu odzyskiwa\u0107 zdrowie i swobod\u0119 od stosownych fikcji.<\/span><\/span><\/p>\n<ul>\n<li>\n<h3 class=\"western\"><a name=\"__RefHeading___Toc79011_2502876469\"><\/a> PRZEDSI\u0118BIORCZO\u015a\u0106 BEZ OBCI\u0104\u017bE\u0143<\/h3>\n<\/li>\n<\/ul>\n<p align=\"justify\"><span style=\"color: #000000;\"><span style=\"font-size: small;\">Przedsi\u0119biorczo\u015b\u0107 bez s\u0142u\u017cebno\u015bci i op\u0142at oraz uwolnieniami zawodowymi, z nakazem zwrotu sk\u0142adek i podatk\u00f3w, kasacj\u0105 obci\u0105\u017ce\u0144 prawnych oraz uwolnieniem od ksi\u0119gowo\u015bci.<\/span><\/span><\/p>\n<ul>\n<li>\n<h3 class=\"western\"><a name=\"__RefHeading___Toc79013_2502876469\"><\/a> RDZENNO\u015a\u0106 I WARSZTATY OSADNICZE<\/h3>\n<\/li>\n<\/ul>\n<p align=\"justify\"><span style=\"color: #000000;\"><span style=\"font-size: small;\">Rdzenno\u015b\u0107 to zasiedzenie i ka\u017cde inne uprzywilejowania, gdy ponosi si\u0119 ci\u0119\u017car tylko tego, co konieczne z \u0142atwo\u015bci\u0105 odchodzenia od zale\u017cno\u015bci, wiedz\u0105c, \u017ce rodzim\u0105 piecz\u0119 dla siebie stanowimy.<\/span><\/span><\/p>\n<ul>\n<li>\n<h3 class=\"western\"><a name=\"__RefHeading___Toc79015_2502876469\"><\/a> UWOLNIENIA OD FIKCJI REJESTRACJI I KOSZT\u00d3W<\/h3>\n<\/li>\n<\/ul>\n<p align=\"justify\"><span style=\"color: #000000;\"><span style=\"font-size: small;\">Bez fikcji rejestracji swoich d\u00f3br z pozbawieniem si\u0119 utrudnie\u0144 i problem\u00f3w tzw. osoby, zyskuje ka\u017cdy, kogo wol\u0105 jest odnalezienie naturalno\u015bci bez stosowanych przymus\u00f3w oraz ograniczaj\u0105cych przekona\u0144.<\/span><\/span><\/p>\n<ul>\n<li>\n<h3 class=\"western\"><a name=\"__RefHeading___Toc79017_2502876469\"><\/a> ODD\u0141U\u017bANIE GOSPODARSTW RODZIMYCH<\/h3>\n<\/li>\n<\/ul>\n<p align=\"justify\"><span style=\"color: #000000;\"><span style=\"font-size: small;\">Odwr\u00f3ceniem d\u0142u\u017cnym od fikcji kredyt\u00f3w i po\u017cyczek z s\u0105dowym orzecznictwem, pozwami zbiorowymi praz protacj\u0105 akcjonariatu na Nar\u00f3d, odzyskujesz wolno\u015b\u0107 od fikcji zobowi\u0105za\u0144.<\/span><\/span><\/p>\n","protected":false},"excerpt":{"rendered":"<p>KONSTYTUCYJNE NARZ\u0118DZIA PRAWNE Rdzenny korzysta z prawide\u0142 nadrz\u0119dnych nad tzw. osobistymi, wobec procedur naprawczych, dekretacji, protacji i konstytucyjnych prawide\u0142, s\u0142u\u017c\u0105cych naszej Rodzimo\u015bci. RODZIMA OPIEKA I WOLNA EDUKACJA Dziatki dla rodzicielstwa [&hellip;]<\/p>\n","protected":false},"author":1,"featured_media":0,"parent":0,"menu_order":0,"comment_status":"closed","ping_status":"closed","template":"","meta":{"footnotes":""},"class_list":["post-34","page","type-page","status-publish","hentry"],"_links":{"self":[{"href":"https:\/\/unia.lachicka.pl\/index.php\/wp-json\/wp\/v2\/pages\/34","targetHints":{"allow":["GET"]}}],"collection":[{"href":"https:\/\/unia.lachicka.pl\/index.php\/wp-json\/wp\/v2\/pages"}],"about":[{"href":"https:\/\/unia.lachicka.pl\/index.php\/wp-json\/wp\/v2\/types\/page"}],"author":[{"embeddable":true,"href":"https:\/\/unia.lachicka.pl\/index.php\/wp-json\/wp\/v2\/users\/1"}],"replies":[{"embeddable":true,"href":"https:\/\/unia.lachicka.pl\/index.php\/wp-json\/wp\/v2\/comments?post=34"}],"version-history":[{"count":1,"href":"https:\/\/unia.lachicka.pl\/index.php\/wp-json\/wp\/v2\/pages\/34\/revisions"}],"predecessor-version":[{"id":35,"href":"https:\/\/unia.lachicka.pl\/index.php\/wp-json\/wp\/v2\/pages\/34\/revisions\/35"}],"wp:attachment":[{"href":"https:\/\/unia.lachicka.pl\/index.php\/wp-json\/wp\/v2\/media?parent=34"}],"curies":[{"name":"wp","href":"https:\/\/api.w.org\/{rel}","templated":true}]}}