{"id":9,"date":"2025-01-19T13:11:24","date_gmt":"2025-01-19T13:11:24","guid":{"rendered":"http:\/\/unia.lachicka.pl\/?page_id=9"},"modified":"2025-03-07T13:37:46","modified_gmt":"2025-03-07T13:37:46","slug":"9-2","status":"publish","type":"page","link":"https:\/\/unia.lachicka.pl\/","title":{"rendered":""},"content":{"rendered":"<p align=\"justify\"><span style=\"color: #000000;\"><span style=\"font-size: small;\"><span style=\"font-family: Liberation Serif, serif;\">Pojazd<\/span><span style=\"font-family: Liberation Serif, serif;\">y<\/span><span style=\"font-family: Liberation Serif, serif;\"> o oznaczeni<\/span><span style=\"font-family: Liberation Serif, serif;\">u<\/span> <span style=\"font-family: Liberation Serif, serif;\"><b>UNIA LACHICKA<\/b><\/span> <span style=\"font-family: Liberation Serif, serif;\">zosta\u0142y uwolnione i przej\u0119te na w\u0142asno\u015b\u0107 suwerennej i rdzennej przestrzeni rod\u00f3w na mocy podstaw prawnych, <\/span><span style=\"font-family: Liberation Serif, serif;\">sk\u0142adanych przez Nar\u00f3d w budynkach tzw. s\u0105d\u00f3w i instytucji urz\u0119dowych<\/span><span style=\"font-family: Liberation Serif, serif;\"> m.in. <\/span><span style=\"font-family: Liberation Serif, serif;\"><b>Precedensu Drogowego Narodu &#8211; <\/b><\/span><span style=\"font-family: Liberation Serif, serif;\"><b>znak<\/b><\/span><b> <\/b><span style=\"font-family: Liberation Serif, serif;\"><b>SW\/SL\/GW\/<\/b><\/span><span style=\"font-family: Liberation Serif, serif;\"><b>LKSDKK3LKJ, <\/b><\/span><span style=\"font-family: Liberation Serif, serif;\"><b>procedury policyjnej<\/b><\/span><b> <\/b><span style=\"font-family: Liberation Serif, serif;\"><b>oraz <\/b><\/span><span style=\"font-family: Liberation Serif, serif;\"><b>Dekret\u00f3w Uwolnienia <\/b><\/span><span style=\"font-family: Liberation Serif, serif;\"><b>S\u0105du Konstytucyjnego <\/b><\/span><span style=\"font-family: Liberation Serif, serif;\">(czyli S\u0105du Wyj\u0105tkowego z art. 175 ust. 2 tzw. Konstytucji RP)<\/span><\/span><\/span><\/p>\n<p align=\"justify\"><img loading=\"lazy\" decoding=\"async\" class=\"size-medium wp-image-27 alignright\" src=\"http:\/\/unia.lachicka.pl\/wp-content\/uploads\/2025\/03\/IMG_20250210_121241-300x169.jpg\" alt=\"\" width=\"300\" height=\"169\" srcset=\"https:\/\/unia.lachicka.pl\/wp-content\/uploads\/2025\/03\/IMG_20250210_121241-300x169.jpg 300w, https:\/\/unia.lachicka.pl\/wp-content\/uploads\/2025\/03\/IMG_20250210_121241-1024x576.jpg 1024w, https:\/\/unia.lachicka.pl\/wp-content\/uploads\/2025\/03\/IMG_20250210_121241-768x432.jpg 768w, https:\/\/unia.lachicka.pl\/wp-content\/uploads\/2025\/03\/IMG_20250210_121241-1536x864.jpg 1536w, https:\/\/unia.lachicka.pl\/wp-content\/uploads\/2025\/03\/IMG_20250210_121241-2048x1152.jpg 2048w\" sizes=\"auto, (max-width: 300px) 100vw, 300px\" \/><\/p>\n<p align=\"justify\"><span style=\"color: #000000;\"><span style=\"font-size: small;\"><span style=\"font-family: Liberation Serif, serif;\"><b>S<\/b><\/span><span style=\"font-family: Liberation Serif, serif;\"><b>\u0105 <\/b><\/span><span style=\"font-family: Liberation Serif, serif;\"><b>to pojazdy <\/b><\/span><span style=\"font-family: Liberation Serif, serif;\"><b>uprzywilejowane i wykorzystywane do czynno\u015bci s\u0142u\u017cbowych w zakresie realizacji zada\u0144 pieczy Narodowej<\/b><\/span><span style=\"font-family: Liberation Serif, serif;\">, w tym <\/span><span style=\"font-family: Liberation Serif, serif;\">do <\/span><span style=\"font-family: Liberation Serif, serif;\">nadzor<\/span><span style=\"font-family: Liberation Serif, serif;\">u<\/span><span style=\"font-family: Liberation Serif, serif;\"> Cywilnej i Demokratycznej Kontroli nad Si\u0142ami Zbrojnymi, realizacj\u0105 zada\u0144 Rzecznika Praw Cz\u0142owieka, zgodnie z ochron\u0105 prawn\u0105, okre\u015blon\u0105 <\/span><span style=\"font-family: Liberation Serif, serif;\">wybranymi prawid\u0142ami tzw. Konstytucji RP, zebranymi wraz z prawid\u0142ami innych region\u00f3w w Konstytucji Narod\u00f3w Rdzennych.<\/span><\/span><\/span><\/p>\n<p align=\"justify\"><span style=\"font-size: small;\"><span style=\"color: #000000;\"><span style=\"font-family: Liberation Serif, serif;\">Pojazd <\/span><\/span><span style=\"color: #000000;\"><span style=\"font-family: Liberation Serif, serif;\">ten, chroniony<\/span><\/span><span style=\"color: #000000;\"><span style=\"font-family: Liberation Serif, serif;\"> piecz\u0105 rozproszon\u0105 Narodu,<\/span><\/span><b> <\/b><span style=\"color: #000000;\"><span style=\"font-family: Liberation Serif, serif;\">stanowi\u0105cy dobro cz\u0142owieka z art. 23 w.p.n. (tzw. k.c.), znajduj<\/span><\/span><span style=\"color: #000000;\"><span style=\"font-family: Liberation Serif, serif;\">e<\/span><\/span><span style=\"color: #000000;\"><span style=\"font-family: Liberation Serif, serif;\"> si\u0119 poza rejestracj\u0105 tzw. pa\u0144stw, wobec narodowej jurysdykcji na prawach Rdzennych, <\/span><\/span><span style=\"color: #000000;\"><span style=\"font-family: Liberation Serif, serif;\">z lachickim przedstawicielstwem.<\/span><\/span><\/span><\/p>\n<p align=\"justify\"><span style=\"font-size: small;\"><span style=\"color: #000000;\"><span style=\"font-family: Liberation Serif, serif;\"><b>Kontrola drogowa dotyczy kontroli drogi, mo\u017ce by\u0107 dokonan<\/b><\/span><\/span><span style=\"color: #000000;\"><span style=\"font-family: Liberation Serif, serif;\"><b>a<\/b><\/span><\/span><span style=\"color: #000000;\"><span style=\"font-family: Liberation Serif, serif;\"><b> zgodnie z art. 4 p.1 i 2 Konstytucji przez cz\u0142owieka <\/b><\/span><\/span><span style=\"color: #000000;\"><span style=\"font-family: Liberation Serif, serif;\"><b>na zasadach<\/b><\/span><\/span><span style=\"color: #000000;\"><span style=\"font-family: Liberation Serif, serif;\"><b> wykazanych procedur\u0105 pierwsze\u0144stwa oraz policyjn\u0105. <\/b><\/span><\/span><span style=\"color: #000000;\"><span style=\"font-family: Liberation Serif, serif;\">Pojazd bez mo\u017cliwo\u015bci, by potrafi\u0142 chodzi\u0107, podobnie jak tzw. silnik lub motor. W poje\u017adzie si\u0119 siedzi, a to pojazd podr\u00f3\u017cuje, gdy taka jest wola cz\u0142owieka wyra\u017cona jego sterowno\u015bci\u0105.<\/span><\/span><\/span><\/p>\n<p align=\"justify\"><span style=\"font-size: small;\"><span style=\"color: #000000;\"><span style=\"font-family: Liberation Serif, serif;\"><span lang=\"pl-PL\">S<\/span><\/span><\/span><span style=\"color: #000000;\"><span style=\"font-family: Liberation Serif, serif;\"><span lang=\"pl-PL\">prawy tzw. ubezpiecze\u0144 <\/span><\/span><\/span><span style=\"color: #000000;\"><span style=\"font-family: Liberation Serif, serif;\"><span lang=\"pl-PL\">(piecza to opieka, bez-pieczy to zagro\u017cenie), <\/span><\/span><\/span><span style=\"color: #000000;\"><span style=\"font-family: Liberation Serif, serif;\"><span lang=\"pl-PL\">czyli w gwarze naszej uzagro\u017ce\u0144 zosta\u0142y uregulowane Walut\u0105 Zast\u0119pcz\u0105 Narodu jako odszkodowanie od fikcji tzw. towarzystw ubezpieczeniowych. <\/span><\/span><\/span><span style=\"color: #000000;\"><span style=\"font-family: Liberation Serif, serif;\"><span lang=\"pl-PL\">Bra<\/span><\/span><\/span><span style=\"color: #000000;\"><span style=\"font-family: Liberation Serif, serif;\"><span lang=\"pl-PL\">k jest podlegania <\/span><\/span><\/span><span style=\"color: #000000;\"><span style=\"font-family: Liberation Serif, serif;\"><span lang=\"pl-PL\">uwolnionych <\/span><\/span><\/span><span style=\"color: #000000;\"><span style=\"font-family: Liberation Serif, serif;\"><span lang=\"pl-PL\">pojazd\u00f3w jakimkolwiek tzw. ubezpieczeniom wobec stwierdzonej fikcji tzw. towarzystw ubezpieczeniowych.<\/span><\/span><\/span><\/span><\/p>\n<p style=\"text-align: center;\" align=\"justify\">Zapoznaj wi\u0119cej na:<\/p>\n<h1 style=\"text-align: center;\" align=\"justify\"><a href=\"https:\/\/sad.narodu.pl\/\">sad.narodu.pl<\/a><\/h1>\n","protected":false},"excerpt":{"rendered":"<p>Pojazdy o oznaczeniu UNIA LACHICKA zosta\u0142y uwolnione i przej\u0119te na w\u0142asno\u015b\u0107 suwerennej i rdzennej przestrzeni rod\u00f3w na mocy podstaw prawnych, sk\u0142adanych przez Nar\u00f3d w budynkach tzw. s\u0105d\u00f3w i instytucji urz\u0119dowych [&hellip;]<\/p>\n","protected":false},"author":1,"featured_media":0,"parent":0,"menu_order":0,"comment_status":"closed","ping_status":"closed","template":"","meta":{"footnotes":""},"class_list":["post-9","page","type-page","status-publish","hentry"],"_links":{"self":[{"href":"https:\/\/unia.lachicka.pl\/index.php\/wp-json\/wp\/v2\/pages\/9","targetHints":{"allow":["GET"]}}],"collection":[{"href":"https:\/\/unia.lachicka.pl\/index.php\/wp-json\/wp\/v2\/pages"}],"about":[{"href":"https:\/\/unia.lachicka.pl\/index.php\/wp-json\/wp\/v2\/types\/page"}],"author":[{"embeddable":true,"href":"https:\/\/unia.lachicka.pl\/index.php\/wp-json\/wp\/v2\/users\/1"}],"replies":[{"embeddable":true,"href":"https:\/\/unia.lachicka.pl\/index.php\/wp-json\/wp\/v2\/comments?post=9"}],"version-history":[{"count":7,"href":"https:\/\/unia.lachicka.pl\/index.php\/wp-json\/wp\/v2\/pages\/9\/revisions"}],"predecessor-version":[{"id":30,"href":"https:\/\/unia.lachicka.pl\/index.php\/wp-json\/wp\/v2\/pages\/9\/revisions\/30"}],"wp:attachment":[{"href":"https:\/\/unia.lachicka.pl\/index.php\/wp-json\/wp\/v2\/media?parent=9"}],"curies":[{"name":"wp","href":"https:\/\/api.w.org\/{rel}","templated":true}]}}